{"id":22,"date":"2023-05-30T09:25:15","date_gmt":"2023-05-30T09:25:15","guid":{"rendered":"https:\/\/zahrapoonawala.org\/?page_id=22"},"modified":"2023-06-21T15:57:52","modified_gmt":"2023-06-21T15:57:52","slug":"bio","status":"publish","type":"page","link":"https:\/\/zahrapoonawala.org\/en_us\/bio","title":{"rendered":"Bio \/ Contact"},"content":{"rendered":"<div data-elementor-type=\"wp-page\" data-elementor-id=\"22\" class=\"elementor elementor-22\">\n\t\t\t\t\t\t<section class=\"elementor-section elementor-top-section elementor-element elementor-element-5e6a2daf elementor-section-boxed elementor-section-height-default elementor-section-height-default\" data-id=\"5e6a2daf\" data-element_type=\"section\" data-e-type=\"section\">\n\t\t\t\t\t\t<div class=\"elementor-container elementor-column-gap-default\">\n\t\t\t\t\t<div class=\"elementor-column elementor-col-100 elementor-top-column elementor-element elementor-element-1fe206b8\" data-id=\"1fe206b8\" data-element_type=\"column\" data-e-type=\"column\">\n\t\t\t<div class=\"elementor-widget-wrap elementor-element-populated\">\n\t\t\t\t\t\t<div class=\"elementor-element elementor-element-43392e3e elementor-widget elementor-widget-text-editor\" data-id=\"43392e3e\" data-element_type=\"widget\" data-e-type=\"widget\" data-widget_type=\"text-editor.default\">\n\t\t\t\t<div class=\"elementor-widget-container\">\n\t\t\t\t\t\t\t\t\t\n<p>Born in Geneva in 1983.<br>Production and distribution circuits traditionally tend to separate visual art spaces from those linked to music. On the contrary, Zahra Poonawala tries to marry the sensations and find a means of expression connected to her dual background as artist and musician. She questions the birth of harmony, this spark that turns a sound into an object of spatial experience, with its density, its presence, or its absence.<br>Her art work has been recognized through grants from the Alsace Region (Drac, AIC and AAA), Pro Helvetia Foundation, Swiss Cultural Fund and from several international residencies. Distinguished at the Contemporary Art Biennale in Mulhouse, she was awarded a prize by the Fracs of the \u00abGrand Est Regions\u00bb by way of an artist residency at the Center for Contemporary Art Parc-Saint-L\u00e9ger in Burgundy in 2009.<br>The same year she obtained a creative residency in Montreal at the Agence Topo with \u00abVariable Geographies\u00bb, a cultural exchange program set up by the Chambre Blanche (Qu\u00e9bec) and Incident.net (France). The following year she was awarded a research stay in Latvia as part of an exchange program between the cities of Strasbourg and Riga.<br>She was invited as artist-in-residence at the opening of the Frac Franche-Comt\u00e9 in 2013 for a project with the Regional Conservatory of Besan\u00e7on. End 2015, she was granted a residency by the Bade-W\u00fcrtemberg region in Germany, in collaboration with the Kunststiftung, the French Institute in Stuttgart and the European Center for Contemporary Artistic Actions in Strasbourg. A partnership with the Conservatory and the Stuttgart Chamber Orchestra (SKO) was born during this residency to complete the \u00abConstellations\u00bb project led by the artist.<\/p>\n\n\n\n<figure class=\"wp-block-image size-full\"><img fetchpriority=\"high\" decoding=\"async\" width=\"672\" height=\"674\" src=\"https:\/\/zahrapoonawala.org\/wp-content\/uploads\/2023\/06\/image_2023-06-02_145306870.png\" alt=\"\" class=\"wp-image-116\" srcset=\"https:\/\/zahrapoonawala.org\/wp-content\/uploads\/2023\/06\/image_2023-06-02_145306870.png 672w, https:\/\/zahrapoonawala.org\/wp-content\/uploads\/2023\/06\/image_2023-06-02_145306870-300x300.png 300w, https:\/\/zahrapoonawala.org\/wp-content\/uploads\/2023\/06\/image_2023-06-02_145306870-150x150.png 150w, https:\/\/zahrapoonawala.org\/wp-content\/uploads\/2023\/06\/image_2023-06-02_145306870-12x12.png 12w\" sizes=\"(max-width: 672px) 100vw, 672px\" \/><\/figure>\n\n\n\n<p><br>It is in Basel that she participated for the first time in a collective exhibition: at Plug-In in 2008 (curators Irene Grillo and Raffael Dorig) during the Regionale 9. Participations in the following collective exhibitions followed with her interactive sound installation TUTTI: \u00abPanorama 14\u00bb in 2012 (at the Fresnoy National Contemporary Art Studio); \u00abNuit Blanche\u00bb in Brussels; \u00abPanorama\u00bb in 2013 (Contemporary Art Center in Vilnius, Lithuania, curator Kestutis Kuizinas); \u00abElastic Reality\u00bb (LABoral, Spain, curator Benjamin Weil); \u00abNuit du Son\u00bb (Kunsthalle of Mulhouse, curator Sandrine Wymann); \u00abDigital Life\u00bb in 2014 (MACRO Testaccio, Rome, exhibition directed by Alain Fleischer) and in 2016 at the exhibition \u00abNow I feel Concerned, Regionale 16\u00bb at L\u2019Aubette 1928 with the Museums of the City of Strasbourg and Acc\u00e9l\u00e9rateurs de Particules (curators Camille Giertler and Sophie Kauffenstein). She participated in other collective exhibitions with other installations and performances, notably at FEW in Wattwiller in 2014, CEAAC in Strasbourg, Freiburg-im-Brisgau in Germany during \u00abSound Surrounds\u00bb (curator Nicoletta Torcelli), \u00abCity Sonic\u00bb in Mons in Belgium, Cesis international art festival in Latvia and Frac Franche-Comt\u00e9 in 2014. Her interactive sound installation, The Fool\u2019s Ballad, was presented in Shanghai (Chronus Art Center, curator Zhang Ga) and Basel (HEK, curator Sabine Himmelsbach) in 2017 and in Frac Alsace (curators Dr. Heike Piehler and Felizitas Diering) in 2018.<br>Last summer 2019, her newest sound Sculpture Manifesto From Lorraine was presented at New York Electronic Art Festival (curator Carol Parkison) on Governor's Island.<\/p>\n\n\n\n<p><\/p>\n\t\t\t\t\t\t\t\t<\/div>\n\t\t\t\t<\/div>\n\t\t\t\t<div class=\"elementor-element elementor-element-689f02d elementor-widget elementor-widget-heading\" data-id=\"689f02d\" data-element_type=\"widget\" data-e-type=\"widget\" data-widget_type=\"heading.default\">\n\t\t\t\t<div class=\"elementor-widget-container\">\n\t\t\t\t\t<h2 class=\"elementor-heading-title elementor-size-default\">Contacts<\/h2>\t\t\t\t<\/div>\n\t\t\t\t<\/div>\n\t\t\t\t<div class=\"elementor-element elementor-element-75549f8 elementor-shape-rounded elementor-grid-0 e-grid-align-center elementor-widget elementor-widget-social-icons\" data-id=\"75549f8\" data-element_type=\"widget\" data-e-type=\"widget\" data-widget_type=\"social-icons.default\">\n\t\t\t\t<div class=\"elementor-widget-container\">\n\t\t\t\t\t\t\t<div class=\"elementor-social-icons-wrapper elementor-grid\" role=\"list\">\n\t\t\t\t\t\t\t<span class=\"elementor-grid-item\" role=\"listitem\">\n\t\t\t\t\t<a class=\"elementor-icon elementor-social-icon elementor-social-icon-facebook elementor-repeater-item-f753cab\" href=\"https:\/\/www.facebook.com\/Zahra.Poonawala.art\" target=\"_blank\">\n\t\t\t\t\t\t<span class=\"elementor-screen-only\">Facebook<\/span>\n\t\t\t\t\t\t<i aria-hidden=\"true\" class=\"fab fa-facebook\"><\/i>\t\t\t\t\t<\/a>\n\t\t\t\t<\/span>\n\t\t\t\t\t\t\t<span class=\"elementor-grid-item\" role=\"listitem\">\n\t\t\t\t\t<a class=\"elementor-icon elementor-social-icon elementor-social-icon-instagram elementor-repeater-item-2a26ba8\" href=\"https:\/\/www.instagram.com\/zahra_poonawala_art\/\" target=\"_blank\">\n\t\t\t\t\t\t<span class=\"elementor-screen-only\">Instagram<\/span>\n\t\t\t\t\t\t<i aria-hidden=\"true\" class=\"fab fa-instagram\"><\/i>\t\t\t\t\t<\/a>\n\t\t\t\t<\/span>\n\t\t\t\t\t<\/div>\n\t\t\t\t\t\t<\/div>\n\t\t\t\t<\/div>\n\t\t\t\t<section class=\"elementor-section elementor-inner-section elementor-element elementor-element-9295486 elementor-section-boxed elementor-section-height-default elementor-section-height-default\" data-id=\"9295486\" data-element_type=\"section\" data-e-type=\"section\">\n\t\t\t\t\t\t<div class=\"elementor-container elementor-column-gap-default\">\n\t\t\t\t\t<div class=\"elementor-column elementor-col-50 elementor-inner-column elementor-element elementor-element-cec8e38\" data-id=\"cec8e38\" data-element_type=\"column\" data-e-type=\"column\">\n\t\t\t<div class=\"elementor-widget-wrap elementor-element-populated\">\n\t\t\t\t\t\t<div class=\"elementor-element elementor-element-06945c6 elementor-widget elementor-widget-text-editor\" data-id=\"06945c6\" data-element_type=\"widget\" data-e-type=\"widget\" data-widget_type=\"text-editor.default\">\n\t\t\t\t<div class=\"elementor-widget-container\">\n\t\t\t\t\t\t\t\t\t<p><strong>Phone:\u00a0<span style=\"white-space: pre-wrap; background-color: var(--has-background, var(--palettecolor8)); color: var(--theme-text-color); font-family: var(--fontFamily); font-size: var(--fontSize); font-style: var(--fontStyle, inherit); letter-spacing: var(--letterSpacing); text-align: inherit; text-transform: var(--textTransform);\">+33 (0)6 98 95 76 42<\/span><\/strong><\/p>\t\t\t\t\t\t\t\t<\/div>\n\t\t\t\t<\/div>\n\t\t\t\t\t<\/div>\n\t\t<\/div>\n\t\t\t\t<div class=\"elementor-column elementor-col-50 elementor-inner-column elementor-element elementor-element-3f2e92d\" data-id=\"3f2e92d\" data-element_type=\"column\" data-e-type=\"column\">\n\t\t\t<div class=\"elementor-widget-wrap elementor-element-populated\">\n\t\t\t\t\t\t<div class=\"elementor-element elementor-element-1ddc283 elementor-widget elementor-widget-text-editor\" data-id=\"1ddc283\" data-element_type=\"widget\" data-e-type=\"widget\" data-widget_type=\"text-editor.default\">\n\t\t\t\t<div class=\"elementor-widget-container\">\n\t\t\t\t\t\t\t\t\t<p><strong>Mail:\u00a0<span style=\"white-space: pre-wrap; background-color: var(--has-background, var(--palettecolor8)); color: var(--theme-text-color); font-family: var(--fontFamily); font-size: var(--fontSize); font-style: var(--fontStyle, inherit); letter-spacing: var(--letterSpacing); text-align: inherit; text-transform: var(--textTransform);\">contact@zahrapoonawala.org<\/span><\/strong><\/p>\t\t\t\t\t\t\t\t<\/div>\n\t\t\t\t<\/div>\n\t\t\t\t\t<\/div>\n\t\t<\/div>\n\t\t\t\t\t<\/div>\n\t\t<\/section>\n\t\t\t\t<div class=\"elementor-element elementor-element-a349d77 elementor-align-center elementor-widget elementor-widget-button\" data-id=\"a349d77\" data-element_type=\"widget\" data-e-type=\"widget\" data-widget_type=\"button.default\">\n\t\t\t\t<div class=\"elementor-widget-container\">\n\t\t\t\t\t\t\t\t\t<div class=\"elementor-button-wrapper\">\n\t\t\t\t\t<a class=\"elementor-button elementor-button-link elementor-size-sm\" href=\"https:\/\/zahrapoonawala.org\/wp-content\/uploads\/2023\/06\/CV_ZAHRAPOONAWALA_2023_FR-1.pdf\">\n\t\t\t\t\t\t<span class=\"elementor-button-content-wrapper\">\n\t\t\t\t\t\t\t\t\t<span class=\"elementor-button-text\">Mon CV<\/span>\n\t\t\t\t\t<\/span>\n\t\t\t\t\t<\/a>\n\t\t\t\t<\/div>\n\t\t\t\t\t\t\t\t<\/div>\n\t\t\t\t<\/div>\n\t\t\t\t\t<\/div>\n\t\t<\/div>\n\t\t\t\t\t<\/div>\n\t\t<\/section>\n\t\t\t\t<\/div>","protected":false},"excerpt":{"rendered":"<p>N\u00e9e \u00e0 Gen\u00e8ve en 1983.Ayant obtenu une double formation de plasticienne et de musicienne, Zahra Poonawala cherche \u00e0 marier les sensations et \u00e0 trouver un mode d&rsquo;expression qui permet d&rsquo;assembler ces arts. Elle interroge par des installations sonores, performances et vid\u00e9os la naissance de l&rsquo;harmonie, cette \u00e9tincelle qui fait qu&rsquo;un son devient l&rsquo;objet d&rsquo;une exp\u00e9rience [&hellip;]<\/p>\n","protected":false},"author":1,"featured_media":116,"parent":0,"menu_order":0,"comment_status":"closed","ping_status":"closed","template":"","meta":{"footnotes":""},"class_list":["post-22","page","type-page","status-publish","has-post-thumbnail","hentry"],"blocksy_meta":[],"yoast_head":"<!-- This site is optimized with the Yoast SEO plugin v26.6 - https:\/\/yoast.com\/wordpress\/plugins\/seo\/ -->\n<title>Bio \/ Contact - Zahra Poonawala Art<\/title>\n<meta name=\"robots\" content=\"index, follow, max-snippet:-1, max-image-preview:large, max-video-preview:-1\" \/>\n<link rel=\"canonical\" href=\"https:\/\/zahrapoonawala.org\/en_us\/bio\/\" \/>\n<meta property=\"og:locale\" content=\"en_US\" \/>\n<meta property=\"og:type\" content=\"article\" \/>\n<meta property=\"og:title\" content=\"Bio \/ Contact - Zahra Poonawala Art\" \/>\n<meta property=\"og:description\" content=\"N\u00e9e \u00e0 Gen\u00e8ve en 1983.Ayant obtenu une double formation de plasticienne et de musicienne, Zahra Poonawala cherche \u00e0 marier les sensations et \u00e0 trouver un mode d&rsquo;expression qui permet d&rsquo;assembler ces arts. Elle interroge par des installations sonores, performances et vid\u00e9os la naissance de l&rsquo;harmonie, cette \u00e9tincelle qui fait qu&rsquo;un son devient l&rsquo;objet d&rsquo;une exp\u00e9rience [&hellip;]\" \/>\n<meta property=\"og:url\" content=\"https:\/\/zahrapoonawala.org\/en_us\/bio\/\" \/>\n<meta property=\"og:site_name\" content=\"zahrapoonawala\" \/>\n<meta property=\"article:modified_time\" content=\"2023-06-21T15:57:52+00:00\" \/>\n<meta property=\"og:image\" content=\"https:\/\/zahrapoonawala.org\/wp-content\/uploads\/2023\/06\/image_2023-06-02_145306870.png\" \/>\n\t<meta property=\"og:image:width\" content=\"672\" \/>\n\t<meta property=\"og:image:height\" content=\"674\" \/>\n\t<meta property=\"og:image:type\" content=\"image\/png\" \/>\n<meta name=\"twitter:card\" content=\"summary_large_image\" \/>\n<meta name=\"twitter:label1\" content=\"Est. reading time\" \/>\n\t<meta name=\"twitter:data1\" content=\"4 minutes\" \/>\n<script type=\"application\/ld+json\" class=\"yoast-schema-graph\">{\"@context\":\"https:\/\/schema.org\",\"@graph\":[{\"@type\":\"WebPage\",\"@id\":\"https:\/\/zahrapoonawala.org\/bio\",\"url\":\"https:\/\/zahrapoonawala.org\/bio\",\"name\":\"Bio \/ Contact - Zahra Poonawala Art\",\"isPartOf\":{\"@id\":\"https:\/\/zahrapoonawala.org\/fr_fr\/#website\"},\"primaryImageOfPage\":{\"@id\":\"https:\/\/zahrapoonawala.org\/bio#primaryimage\"},\"image\":{\"@id\":\"https:\/\/zahrapoonawala.org\/bio#primaryimage\"},\"thumbnailUrl\":\"https:\/\/zahrapoonawala.org\/wp-content\/uploads\/2023\/06\/image_2023-06-02_145306870.png\",\"datePublished\":\"2023-05-30T09:25:15+00:00\",\"dateModified\":\"2023-06-21T15:57:52+00:00\",\"breadcrumb\":{\"@id\":\"https:\/\/zahrapoonawala.org\/bio#breadcrumb\"},\"inLanguage\":\"en-US\",\"potentialAction\":[{\"@type\":\"ReadAction\",\"target\":[\"https:\/\/zahrapoonawala.org\/bio\"]}]},{\"@type\":\"ImageObject\",\"inLanguage\":\"en-US\",\"@id\":\"https:\/\/zahrapoonawala.org\/bio#primaryimage\",\"url\":\"https:\/\/zahrapoonawala.org\/wp-content\/uploads\/2023\/06\/image_2023-06-02_145306870.png\",\"contentUrl\":\"https:\/\/zahrapoonawala.org\/wp-content\/uploads\/2023\/06\/image_2023-06-02_145306870.png\",\"width\":672,\"height\":674},{\"@type\":\"BreadcrumbList\",\"@id\":\"https:\/\/zahrapoonawala.org\/bio#breadcrumb\",\"itemListElement\":[{\"@type\":\"ListItem\",\"position\":1,\"name\":\"Accueil\",\"item\":\"https:\/\/zahrapoonawala.org\/fr_fr\"},{\"@type\":\"ListItem\",\"position\":2,\"name\":\"Bio \/ Contact\"}]},{\"@type\":\"WebSite\",\"@id\":\"https:\/\/zahrapoonawala.org\/fr_fr\/#website\",\"url\":\"https:\/\/zahrapoonawala.org\/fr_fr\/\",\"name\":\"Zahra Poonawala\",\"description\":\"\",\"potentialAction\":[{\"@type\":\"SearchAction\",\"target\":{\"@type\":\"EntryPoint\",\"urlTemplate\":\"https:\/\/zahrapoonawala.org\/fr_fr\/?s={search_term_string}\"},\"query-input\":{\"@type\":\"PropertyValueSpecification\",\"valueRequired\":true,\"valueName\":\"search_term_string\"}}],\"inLanguage\":\"en-US\"}]}<\/script>\n<!-- \/ Yoast SEO plugin. -->","yoast_head_json":{"title":"Bio \/ Contact - Zahra Poonawala Art","robots":{"index":"index","follow":"follow","max-snippet":"max-snippet:-1","max-image-preview":"max-image-preview:large","max-video-preview":"max-video-preview:-1"},"canonical":"https:\/\/zahrapoonawala.org\/en_us\/bio\/","og_locale":"en_US","og_type":"article","og_title":"Bio \/ Contact - Zahra Poonawala Art","og_description":"N\u00e9e \u00e0 Gen\u00e8ve en 1983.Ayant obtenu une double formation de plasticienne et de musicienne, Zahra Poonawala cherche \u00e0 marier les sensations et \u00e0 trouver un mode d&rsquo;expression qui permet d&rsquo;assembler ces arts. Elle interroge par des installations sonores, performances et vid\u00e9os la naissance de l&rsquo;harmonie, cette \u00e9tincelle qui fait qu&rsquo;un son devient l&rsquo;objet d&rsquo;une exp\u00e9rience [&hellip;]","og_url":"https:\/\/zahrapoonawala.org\/en_us\/bio\/","og_site_name":"zahrapoonawala","article_modified_time":"2023-06-21T15:57:52+00:00","og_image":[{"width":672,"height":674,"url":"https:\/\/zahrapoonawala.org\/wp-content\/uploads\/2023\/06\/image_2023-06-02_145306870.png","type":"image\/png"}],"twitter_card":"summary_large_image","twitter_misc":{"Est. reading time":"4 minutes"},"schema":{"@context":"https:\/\/schema.org","@graph":[{"@type":"WebPage","@id":"https:\/\/zahrapoonawala.org\/bio","url":"https:\/\/zahrapoonawala.org\/bio","name":"Bio \/ Contact - Zahra Poonawala Art","isPartOf":{"@id":"https:\/\/zahrapoonawala.org\/fr_fr\/#website"},"primaryImageOfPage":{"@id":"https:\/\/zahrapoonawala.org\/bio#primaryimage"},"image":{"@id":"https:\/\/zahrapoonawala.org\/bio#primaryimage"},"thumbnailUrl":"https:\/\/zahrapoonawala.org\/wp-content\/uploads\/2023\/06\/image_2023-06-02_145306870.png","datePublished":"2023-05-30T09:25:15+00:00","dateModified":"2023-06-21T15:57:52+00:00","breadcrumb":{"@id":"https:\/\/zahrapoonawala.org\/bio#breadcrumb"},"inLanguage":"en-US","potentialAction":[{"@type":"ReadAction","target":["https:\/\/zahrapoonawala.org\/bio"]}]},{"@type":"ImageObject","inLanguage":"en-US","@id":"https:\/\/zahrapoonawala.org\/bio#primaryimage","url":"https:\/\/zahrapoonawala.org\/wp-content\/uploads\/2023\/06\/image_2023-06-02_145306870.png","contentUrl":"https:\/\/zahrapoonawala.org\/wp-content\/uploads\/2023\/06\/image_2023-06-02_145306870.png","width":672,"height":674},{"@type":"BreadcrumbList","@id":"https:\/\/zahrapoonawala.org\/bio#breadcrumb","itemListElement":[{"@type":"ListItem","position":1,"name":"Accueil","item":"https:\/\/zahrapoonawala.org\/fr_fr"},{"@type":"ListItem","position":2,"name":"Bio \/ Contact"}]},{"@type":"WebSite","@id":"https:\/\/zahrapoonawala.org\/fr_fr\/#website","url":"https:\/\/zahrapoonawala.org\/fr_fr\/","name":"Zahra Poonawala","description":"","potentialAction":[{"@type":"SearchAction","target":{"@type":"EntryPoint","urlTemplate":"https:\/\/zahrapoonawala.org\/fr_fr\/?s={search_term_string}"},"query-input":{"@type":"PropertyValueSpecification","valueRequired":true,"valueName":"search_term_string"}}],"inLanguage":"en-US"}]}},"_links":{"self":[{"href":"https:\/\/zahrapoonawala.org\/en_us\/wp-json\/wp\/v2\/pages\/22","targetHints":{"allow":["GET"]}}],"collection":[{"href":"https:\/\/zahrapoonawala.org\/en_us\/wp-json\/wp\/v2\/pages"}],"about":[{"href":"https:\/\/zahrapoonawala.org\/en_us\/wp-json\/wp\/v2\/types\/page"}],"author":[{"embeddable":true,"href":"https:\/\/zahrapoonawala.org\/en_us\/wp-json\/wp\/v2\/users\/1"}],"replies":[{"embeddable":true,"href":"https:\/\/zahrapoonawala.org\/en_us\/wp-json\/wp\/v2\/comments?post=22"}],"version-history":[{"count":53,"href":"https:\/\/zahrapoonawala.org\/en_us\/wp-json\/wp\/v2\/pages\/22\/revisions"}],"predecessor-version":[{"id":624,"href":"https:\/\/zahrapoonawala.org\/en_us\/wp-json\/wp\/v2\/pages\/22\/revisions\/624"}],"wp:featuredmedia":[{"embeddable":true,"href":"https:\/\/zahrapoonawala.org\/en_us\/wp-json\/wp\/v2\/media\/116"}],"wp:attachment":[{"href":"https:\/\/zahrapoonawala.org\/en_us\/wp-json\/wp\/v2\/media?parent=22"}],"curies":[{"name":"wp","href":"https:\/\/api.w.org\/{rel}","templated":true}]}}